{"id":5428,"date":"2020-10-07T06:58:20","date_gmt":"2020-10-06T22:58:20","guid":{"rendered":"https:\/\/sunrider.blog\/privacy-policy\/"},"modified":"2025-11-23T23:46:21","modified_gmt":"2025-11-23T15:46:21","slug":"adatvedelmi-iranyelvek","status":"publish","type":"page","link":"https:\/\/sunrider.blog\/hu\/adatvedelmi-iranyelvek\/","title":{"rendered":"Adatv\u00e9delmi Ir\u00e1nyelvek"},"content":{"rendered":"<div id=\"tdi_1\" class=\"tdc-zone\"><div class=\"tdc_zone tdi_2  wpb_row td-pb-row\"  >\n<style scoped>\n\/* custom css - generated by TagDiv Composer *\/\n\n\/* custom css - generated by TagDiv Composer *\/\n\/* custom css - generated by TagDiv Composer *\/\n.tdi_2{\r\n                    min-height: 0;\r\n                }\n<\/style><div id=\"tdi_3\" class=\"tdc-row stretch_row_1400 td-stretch-content\"><div class=\"vc_row tdi_4  wpb_row td-pb-row\" >\n<style scoped>\n\/* custom css - generated by TagDiv Composer *\/\n\n\/* custom css - generated by TagDiv Composer *\/\n\/* custom css - generated by TagDiv Composer *\/\n.tdi_4,\r\n                .tdi_4 .tdc-columns{\r\n                    min-height: 0;\r\n                }.tdi_4,\r\n\t\t\t\t.tdi_4 .tdc-columns{\r\n\t\t\t\t    display: block;\r\n\t\t\t\t}.tdi_4 .tdc-columns{\r\n\t\t\t\t    width: 100%;\r\n\t\t\t\t}\n<\/style><div class=\"vc_column tdi_6  wpb_column vc_column_container tdc-column td-pb-span12\">\n<style scoped>\n\/* custom css - generated by TagDiv Composer *\/\n\n\/* custom css - generated by TagDiv Composer *\/\n\/* custom css - generated by TagDiv Composer *\/\n.tdi_6{\r\n                    vertical-align: baseline;\r\n                }.tdi_6 > .wpb_wrapper,\r\n\t\t\t\t.tdi_6 > .wpb_wrapper > .tdc-elements{\r\n\t\t\t\t    display: block;\r\n\t\t\t\t}.tdi_6 > .wpb_wrapper > .tdc-elements{\r\n\t\t\t\t    width: 100%;\r\n\t\t\t\t}.tdi_6 > .wpb_wrapper > .vc_row_inner{\r\n\t\t\t\t    width: auto;\r\n\t\t\t\t}.tdi_6 > .wpb_wrapper{\r\n\t\t\t\t    width: auto;\r\n\t\t\t\t    height: auto;\r\n\t\t\t\t}\n<\/style><div class=\"wpb_wrapper\" ><div class=\"td_block_wrap tdb_title tdi_7 tdb-page-title td-pb-border-top td_block_template_1\"  data-td-block-uid=\"tdi_7\" >\n<style>\n\n\/* inline tdc_css att - generated by TagDiv Composer *\/\n\n.tdi_7{\nmargin-top:50px !important;\n}\n\n<\/style>\n<style>\n\/* custom css - generated by TagDiv Composer *\/\n\/* custom css - generated by TagDiv Composer *\/\n.tdb_title{\r\n                  margin-bottom: 19px;\r\n                }.tdb_title.tdb-content-horiz-center{\r\n                  text-align: center;\r\n                }.tdb_title.tdb-content-horiz-center .tdb-title-line{\r\n                  margin: 0 auto;\r\n                }.tdb_title.tdb-content-horiz-right{\r\n                  text-align: right;\r\n                }.tdb_title.tdb-content-horiz-right .tdb-title-line{\r\n                  margin-left: auto;\r\n                  margin-right: 0;\r\n                }.tdb-title-text{\r\n                  display: inline-block;\r\n                  position: relative;\r\n                  margin: 0;\r\n                  word-wrap: break-word;\r\n                  font-size: 30px;\r\n                  line-height: 38px;\r\n                  font-weight: 700;\r\n                }.tdb-first-letter{\r\n                  position: absolute;\r\n                  -webkit-user-select: none;\r\n                  user-select: none;\r\n                  pointer-events: none;\r\n                  text-transform: uppercase;\r\n                  color: rgba(0, 0, 0, 0.08);\r\n                  font-size: 6em;\r\n                  font-weight: 300;\r\n                  top: 50%;\r\n                  -webkit-transform: translateY(-50%);\r\n                  transform: translateY(-50%);\r\n                  left: -0.36em;\r\n                  z-index: -1;\r\n                  -webkit-text-fill-color: initial;\r\n                }.tdb-title-line{\r\n                  display: none;\r\n                  position: relative;\r\n                }.tdb-title-line:after{\r\n                  content: '';\r\n                  width: 100%;\r\n                  position: absolute;\r\n                  background-color: var(--td_theme_color, #4db2ec);\r\n                  top: 0;\r\n                  left: 0;\r\n                  margin: auto;\r\n                }.tdi_7 .tdb-title-line:after{\r\n\t\t\t\t\theight: 2px;\r\n\t\t\t\t\r\n\t\t\t\t\tbottom: 40%;\r\n\t\t\t\t}.tdi_7 .tdb-title-line{\r\n\t\t\t\t\theight: 50px;\r\n\t\t\t\t}.td-theme-wrap .tdi_7{\r\n\t\t\t\t\ttext-align: left;\r\n\t\t\t\t}.tdi_7 .tdb-first-letter{\r\n\t\t\t\t\tleft: -0.36em;\r\n\t\t\t\t\tright: auto;\r\n\t\t\t\t}.tdi_7 .tdb-title-text{\r\n\t\t\t\t\tfont-family:Roboto !important;font-size:44px !important;font-weight:300 !important;text-transform:uppercase !important;\r\n\t\t\t\t}\n<\/style><div class=\"tdb-block-inner td-fix-index\"><h1 class=\"tdb-title-text\">Sample Page Title<\/h1><div><\/div><div class=\"tdb-title-line\"><\/div><\/div><\/div><div class=\"wpb_wrapper wpb_text_column td_block_wrap td_block_wrap vc_column_text tdi_8  tagdiv-type td-pb-border-top td_block_template_1\"  data-td-block-uid=\"tdi_8\" >\n<style>\n\n\/* inline tdc_css att - generated by TagDiv Composer *\/\n\n.tdi_8{\nmargin-top:30px !important;\n}\n\n<\/style>\n<style>\n\/* custom css - generated by TagDiv Composer *\/\n\/* custom css - generated by TagDiv Composer *\/\n.tdi_8,\r\n                .tdi_8 p{\r\n\t\t\t        font-family:Roboto !important;font-weight:400 !important;\r\n\t\t        }\n<\/style><div class=\"td-block-title-wrap\"><\/div><div class=\"td-fix-index\"><p>Az \u00d6n adatainak v\u00e9delme fontos sz\u00e1munkra. A Sunrider Corporation politik\u00e1ja az, hogy tiszteletben tartsa az adatv\u00e9delmet minden olyan inform\u00e1ci\u00f3val kapcsolatban, amelyet weboldalunkon, <a href=\"https:\/\/sunrider.blog\">https:\/\/sunrider.blog<\/a> \u00e9s m\u00e1s tulajdonunkban l\u00e9v\u0151 \u00e9s m\u0171k\u00f6dtetett webhelyeinken gy\u0171jthet\u00fcnk \u00d6nt\u0151l.<\/p>\n<p>Csak akkor k\u00e9r\u00fcnk szem\u00e9lyes adatokat, amikor val\u00f3ban sz\u00fcks\u00e9g\u00fcnk van r\u00e1juk egy szolg\u00e1ltat\u00e1s ny\u00fajt\u00e1s\u00e1hoz. Tisztess\u00e9ges \u00e9s t\u00f6rv\u00e9nyes eszk\u00f6z\u00f6kkel, az \u00d6n tudta \u00e9s beleegyez\u00e9se alapj\u00e1n gy\u0171jtj\u00fck. Azt is k\u00f6z\u00f6lj\u00fck, mi\u00e9rt gy\u0171jtj\u00fck \u00e9s hogyan fogjuk haszn\u00e1lni.<\/p>\n<p>Az \u00f6sszegy\u0171jt\u00f6tt inform\u00e1ci\u00f3kat csak annyi ideig t\u00e1roljuk, ameddig az sz\u00fcks\u00e9ges a k\u00e9rt szolg\u00e1ltat\u00e1s ny\u00fajt\u00e1s\u00e1hoz. Milyen adatokat t\u00e1rolunk, a kereskedelemben elfogadhat\u00f3 m\u00f3don v\u00e9dj\u00fck meg az elveszt\u00e9s \u00e9s lop\u00e1s, valamint az illet\u00e9ktelen hozz\u00e1f\u00e9r\u00e9s, nyilv\u00e1noss\u00e1gra hozatal, m\u00e1sol\u00e1s, felhaszn\u00e1l\u00e1s vagy m\u00f3dos\u00edt\u00e1s megel\u0151z\u00e9se \u00e9rdek\u00e9ben.<\/p>\n<p>Semmilyen szem\u00e9lyazonos\u00edt\u00f3 inform\u00e1ci\u00f3t nem osztunk meg nyilv\u00e1nosan vagy harmadik felekkel, kiv\u00e9ve, ha a t\u00f6rv\u00e9ny el\u0151\u00edrja.<\/p>\n<p>Weboldalunk hivatkozhat olyan k\u00fcls\u0151 oldalakra, amelyeket nem mi \u00fczemeltet\u00fcnk. Felh\u00edvjuk figyelm\u00e9t, hogy nem ellen\u0151rizhetj\u00fck ezeknek a webhelyeknek a tartalm\u00e1t \u00e9s gyakorlatait, \u00e9s nem v\u00e1llalhatunk felel\u0151ss\u00e9get vagy felel\u0151ss\u00e9get a saj\u00e1t adatv\u00e9delmi ir\u00e1nyelveik\u00e9rt.<\/p>\n<p>\u00d6n szabadon elutas\u00edthatja szem\u00e9lyes adatai ir\u00e1nti k\u00e9relm\u00fcnket azzal a meg\u00e9rt\u00e9ssel, hogy el\u0151fordulhat, hogy nem tudjuk biztos\u00edtani \u00d6nnek a k\u00edv\u00e1nt szolg\u00e1ltat\u00e1sokat.<\/p>\n<p>Webhely\u00fcnk folyamatos haszn\u00e1lat\u00e1t a mag\u00e1n\u00e9let \u00e9s a szem\u00e9lyes adatok k\u00f6r\u00fcli gyakorlatunk elfogad\u00e1s\u00e1nak tekintj\u00fck. Ha b\u00e1rmilyen k\u00e9rd\u00e9se van a felhaszn\u00e1l\u00f3i adatok \u00e9s a szem\u00e9lyes adatok kezel\u00e9s\u00e9vel kapcsolatban, forduljon hozz\u00e1nk bizalommal.<\/p>\n<p>Ez a politika 2020. November 19-t\u0151l hat\u00e1lyos.<\/p>\n<\/div><\/div><\/div><\/div><\/div><\/div><\/div><\/div>","protected":false},"excerpt":{"rendered":"","protected":false},"author":1,"featured_media":0,"parent":0,"menu_order":0,"comment_status":"closed","ping_status":"open","template":"","meta":{"jetpack_post_was_ever_published":false,"footnotes":""},"class_list":["post-5428","page","type-page","status-publish"],"featured_image_src":null,"yoast_head":"<!-- This site is optimized with the Yoast SEO plugin v27.2 - https:\/\/yoast.com\/product\/yoast-seo-wordpress\/ -->\n<title>Adatv\u00e9delmi Ir\u00e1nyelvek - Sunrider Blog<\/title>\n<meta name=\"robots\" content=\"index, follow, max-snippet:-1, max-image-preview:large, max-video-preview:-1\" \/>\n<link rel=\"canonical\" href=\"https:\/\/sunrider.blog\/hu\/adatvedelmi-iranyelvek\/\" \/>\n<meta property=\"og:locale\" content=\"hu_HU\" \/>\n<meta property=\"og:type\" content=\"article\" \/>\n<meta property=\"og:title\" content=\"Adatv\u00e9delmi Ir\u00e1nyelvek - Sunrider Blog\" \/>\n<meta property=\"og:url\" content=\"https:\/\/sunrider.blog\/hu\/adatvedelmi-iranyelvek\/\" \/>\n<meta property=\"og:site_name\" content=\"Sunrider Blog\" \/>\n<meta property=\"article:publisher\" content=\"https:\/\/www.facebook.com\/sunrider.singapore\/\" \/>\n<meta property=\"article:modified_time\" content=\"2025-11-23T15:46:21+00:00\" \/>\n<meta name=\"twitter:card\" content=\"summary_large_image\" \/>\n<meta name=\"twitter:label1\" content=\"Becs\u00fclt olvas\u00e1si id\u0151\" \/>\n\t<meta name=\"twitter:data1\" content=\"2 perc\" \/>\n<script type=\"application\/ld+json\" class=\"yoast-schema-graph\">{\"@context\":\"https:\/\/schema.org\",\"@graph\":[{\"@type\":\"WebPage\",\"@id\":\"https:\/\/sunrider.blog\/hu\/adatvedelmi-iranyelvek\/\",\"url\":\"https:\/\/sunrider.blog\/hu\/adatvedelmi-iranyelvek\/\",\"name\":\"Adatv\u00e9delmi Ir\u00e1nyelvek - Sunrider Blog\",\"isPartOf\":{\"@id\":\"https:\/\/sunrider.blog\/hu\/#website\"},\"datePublished\":\"2020-10-06T22:58:20+00:00\",\"dateModified\":\"2025-11-23T15:46:21+00:00\",\"breadcrumb\":{\"@id\":\"https:\/\/sunrider.blog\/hu\/adatvedelmi-iranyelvek\/#breadcrumb\"},\"inLanguage\":\"hu\",\"potentialAction\":[{\"@type\":\"ReadAction\",\"target\":[\"https:\/\/sunrider.blog\/hu\/adatvedelmi-iranyelvek\/\"]}]},{\"@type\":\"BreadcrumbList\",\"@id\":\"https:\/\/sunrider.blog\/hu\/adatvedelmi-iranyelvek\/#breadcrumb\",\"itemListElement\":[{\"@type\":\"ListItem\",\"position\":1,\"name\":\"Home\",\"item\":\"https:\/\/sunrider.blog\/hu\/home2\/\"},{\"@type\":\"ListItem\",\"position\":2,\"name\":\"Adatv\u00e9delmi Ir\u00e1nyelvek\"}]},{\"@type\":\"WebSite\",\"@id\":\"https:\/\/sunrider.blog\/hu\/#website\",\"url\":\"https:\/\/sunrider.blog\/hu\/\",\"name\":\"Sunrider Blog\",\"description\":\"Life in Balance\",\"publisher\":{\"@id\":\"https:\/\/sunrider.blog\/hu\/#organization\"},\"potentialAction\":[{\"@type\":\"SearchAction\",\"target\":{\"@type\":\"EntryPoint\",\"urlTemplate\":\"https:\/\/sunrider.blog\/hu\/?s={search_term_string}\"},\"query-input\":{\"@type\":\"PropertyValueSpecification\",\"valueRequired\":true,\"valueName\":\"search_term_string\"}}],\"inLanguage\":\"hu\"},{\"@type\":\"Organization\",\"@id\":\"https:\/\/sunrider.blog\/hu\/#organization\",\"name\":\"Sunrider Blog\",\"url\":\"https:\/\/sunrider.blog\/hu\/\",\"logo\":{\"@type\":\"ImageObject\",\"inLanguage\":\"hu\",\"@id\":\"https:\/\/sunrider.blog\/hu\/#\/schema\/logo\/image\/\",\"url\":\"https:\/\/i0.wp.com\/sunrider.blog\/wp-content\/uploads\/2025\/08\/life-in-balance-logo.png?fit=800%2C312&ssl=1\",\"contentUrl\":\"https:\/\/i0.wp.com\/sunrider.blog\/wp-content\/uploads\/2025\/08\/life-in-balance-logo.png?fit=800%2C312&ssl=1\",\"width\":800,\"height\":312,\"caption\":\"Sunrider Blog\"},\"image\":{\"@id\":\"https:\/\/sunrider.blog\/hu\/#\/schema\/logo\/image\/\"},\"sameAs\":[\"https:\/\/www.facebook.com\/sunrider.singapore\/\",\"https:\/\/www.instagram.com\/sunridersingapore\/\"]}]}<\/script>\n<!-- \/ Yoast SEO plugin. -->","yoast_head_json":{"title":"Adatv\u00e9delmi Ir\u00e1nyelvek - Sunrider Blog","robots":{"index":"index","follow":"follow","max-snippet":"max-snippet:-1","max-image-preview":"max-image-preview:large","max-video-preview":"max-video-preview:-1"},"canonical":"https:\/\/sunrider.blog\/hu\/adatvedelmi-iranyelvek\/","og_locale":"hu_HU","og_type":"article","og_title":"Adatv\u00e9delmi Ir\u00e1nyelvek - Sunrider Blog","og_url":"https:\/\/sunrider.blog\/hu\/adatvedelmi-iranyelvek\/","og_site_name":"Sunrider Blog","article_publisher":"https:\/\/www.facebook.com\/sunrider.singapore\/","article_modified_time":"2025-11-23T15:46:21+00:00","twitter_card":"summary_large_image","twitter_misc":{"Becs\u00fclt olvas\u00e1si id\u0151":"2 perc"},"schema":{"@context":"https:\/\/schema.org","@graph":[{"@type":"WebPage","@id":"https:\/\/sunrider.blog\/hu\/adatvedelmi-iranyelvek\/","url":"https:\/\/sunrider.blog\/hu\/adatvedelmi-iranyelvek\/","name":"Adatv\u00e9delmi Ir\u00e1nyelvek - Sunrider Blog","isPartOf":{"@id":"https:\/\/sunrider.blog\/hu\/#website"},"datePublished":"2020-10-06T22:58:20+00:00","dateModified":"2025-11-23T15:46:21+00:00","breadcrumb":{"@id":"https:\/\/sunrider.blog\/hu\/adatvedelmi-iranyelvek\/#breadcrumb"},"inLanguage":"hu","potentialAction":[{"@type":"ReadAction","target":["https:\/\/sunrider.blog\/hu\/adatvedelmi-iranyelvek\/"]}]},{"@type":"BreadcrumbList","@id":"https:\/\/sunrider.blog\/hu\/adatvedelmi-iranyelvek\/#breadcrumb","itemListElement":[{"@type":"ListItem","position":1,"name":"Home","item":"https:\/\/sunrider.blog\/hu\/home2\/"},{"@type":"ListItem","position":2,"name":"Adatv\u00e9delmi Ir\u00e1nyelvek"}]},{"@type":"WebSite","@id":"https:\/\/sunrider.blog\/hu\/#website","url":"https:\/\/sunrider.blog\/hu\/","name":"Sunrider Blog","description":"Life in Balance","publisher":{"@id":"https:\/\/sunrider.blog\/hu\/#organization"},"potentialAction":[{"@type":"SearchAction","target":{"@type":"EntryPoint","urlTemplate":"https:\/\/sunrider.blog\/hu\/?s={search_term_string}"},"query-input":{"@type":"PropertyValueSpecification","valueRequired":true,"valueName":"search_term_string"}}],"inLanguage":"hu"},{"@type":"Organization","@id":"https:\/\/sunrider.blog\/hu\/#organization","name":"Sunrider Blog","url":"https:\/\/sunrider.blog\/hu\/","logo":{"@type":"ImageObject","inLanguage":"hu","@id":"https:\/\/sunrider.blog\/hu\/#\/schema\/logo\/image\/","url":"https:\/\/i0.wp.com\/sunrider.blog\/wp-content\/uploads\/2025\/08\/life-in-balance-logo.png?fit=800%2C312&ssl=1","contentUrl":"https:\/\/i0.wp.com\/sunrider.blog\/wp-content\/uploads\/2025\/08\/life-in-balance-logo.png?fit=800%2C312&ssl=1","width":800,"height":312,"caption":"Sunrider Blog"},"image":{"@id":"https:\/\/sunrider.blog\/hu\/#\/schema\/logo\/image\/"},"sameAs":["https:\/\/www.facebook.com\/sunrider.singapore\/","https:\/\/www.instagram.com\/sunridersingapore\/"]}]}},"jetpack_shortlink":"https:\/\/wp.me\/PfmoGP-1py","jetpack-related-posts":[],"jetpack_sharing_enabled":true,"_links":{"self":[{"href":"https:\/\/sunrider.blog\/hu\/wp-json\/wp\/v2\/pages\/5428","targetHints":{"allow":["GET"]}}],"collection":[{"href":"https:\/\/sunrider.blog\/hu\/wp-json\/wp\/v2\/pages"}],"about":[{"href":"https:\/\/sunrider.blog\/hu\/wp-json\/wp\/v2\/types\/page"}],"author":[{"embeddable":true,"href":"https:\/\/sunrider.blog\/hu\/wp-json\/wp\/v2\/users\/1"}],"replies":[{"embeddable":true,"href":"https:\/\/sunrider.blog\/hu\/wp-json\/wp\/v2\/comments?post=5428"}],"version-history":[{"count":1,"href":"https:\/\/sunrider.blog\/hu\/wp-json\/wp\/v2\/pages\/5428\/revisions"}],"predecessor-version":[{"id":15876,"href":"https:\/\/sunrider.blog\/hu\/wp-json\/wp\/v2\/pages\/5428\/revisions\/15876"}],"wp:attachment":[{"href":"https:\/\/sunrider.blog\/hu\/wp-json\/wp\/v2\/media?parent=5428"}],"curies":[{"name":"wp","href":"https:\/\/api.w.org\/{rel}","templated":true}]}}